{"id":417,"date":"2021-07-22T14:40:50","date_gmt":"2021-07-22T14:40:50","guid":{"rendered":"https:\/\/hiltmair.de\/?page_id=417"},"modified":"2021-07-25T10:29:24","modified_gmt":"2021-07-25T10:29:24","slug":"kinder","status":"publish","type":"page","link":"https:\/\/hiltmair.de\/?page_id=417","title":{"rendered":"Kinder"},"content":{"rendered":"\n<p><strong>Schul- und Kindergartenfotografie<\/strong><\/p>\n\n\n\n<p>Der Umgang mit der Kamera ist eine Sache, der Umgang mit Menschen eine ganz andere. Gerade in der Schul- und Kindergartenfotografie spielt der Zugang zu den kleinen Models eine wichtige Rolle.&nbsp;<\/p>\n\n\n\n<p>Hier komme ich auch nicht alleine, sondern habe zwei Assistenten dabei, meine Frau und Oskar, die ich euch unten vorstelle. Wie in unserem Familienalltag auch, begegnen wir den Kindern auf Augenh\u00f6he und holen sie da ab, wo sie stehen. Mit ganz viel Empathie und Witz schaffen wir eine geborgene Atmosph\u00e4re. Egal ob zur\u00fcckhaltend oder offen \u2013 jedes Kind ist anders und das ist auch gut so. Wir interagieren mit den Kindern und gehen mit ihnen in einen offenen und wertsch\u00e4tzenden Dialog, das funktioniert auch schon bei den Kleinsten! Sie vertrauen uns und lachen mit Oskar. So entstehen ehrliche und authentische Fotos. Aber auch der freche Blick in die Kamera ist Willkommen! Kinder sind wunderbar, genau so wie sie sind und unser gro\u00dfes Ziel ist es, ein Erlebnis zu schaffen, an das sich alle gerne erinnern.&nbsp;<\/p>\n\n\n\n<p>Alle Einrichtungen, die wir bisher betreuen, buchten uns im n\u00e4chsten Jahr wieder, eine gro\u00dfartige Wertsch\u00e4tzung unserer Arbeit.<\/p>\n\n\n\n<p>Vor den Fototagen k\u00fcmmern wir uns um die gesamte Planung, so dass f\u00fcr die Einrichtungen nur ein minimaler Aufwand entsteht.<\/p>\n\n\n\n<p>Wir fotografieren haupts\u00e4chlich Outdoor.&nbsp;<\/p>\n","protected":false},"excerpt":{"rendered":"<p>Schul- und Kindergartenfotografie Der Umgang mit der Kamera ist eine Sache, der Umgang mit Menschen eine ganz andere. Gerade in der Schul- und Kindergartenfotografie spielt der Zugang zu den kleinen Models eine wichtige Rolle.&nbsp; Hier<br \/><a class=\"read-more\" href=\"https:\/\/hiltmair.de\/?page_id=417\">Read More<\/a><\/p>\n","protected":false},"author":1,"featured_media":0,"parent":0,"menu_order":0,"comment_status":"closed","ping_status":"closed","template":"","meta":{"footnotes":"","_links_to":"","_links_to_target":""},"class_list":["post-417","page","type-page","status-publish","hentry"],"_links":{"self":[{"href":"https:\/\/hiltmair.de\/index.php?rest_route=\/wp\/v2\/pages\/417"}],"collection":[{"href":"https:\/\/hiltmair.de\/index.php?rest_route=\/wp\/v2\/pages"}],"about":[{"href":"https:\/\/hiltmair.de\/index.php?rest_route=\/wp\/v2\/types\/page"}],"author":[{"embeddable":true,"href":"https:\/\/hiltmair.de\/index.php?rest_route=\/wp\/v2\/users\/1"}],"replies":[{"embeddable":true,"href":"https:\/\/hiltmair.de\/index.php?rest_route=%2Fwp%2Fv2%2Fcomments&post=417"}],"version-history":[{"count":2,"href":"https:\/\/hiltmair.de\/index.php?rest_route=\/wp\/v2\/pages\/417\/revisions"}],"predecessor-version":[{"id":422,"href":"https:\/\/hiltmair.de\/index.php?rest_route=\/wp\/v2\/pages\/417\/revisions\/422"}],"wp:attachment":[{"href":"https:\/\/hiltmair.de\/index.php?rest_route=%2Fwp%2Fv2%2Fmedia&parent=417"}],"curies":[{"name":"wp","href":"https:\/\/api.w.org\/{rel}","templated":true}]}}