{"id":43,"date":"2020-03-10T14:55:26","date_gmt":"2020-03-10T14:55:26","guid":{"rendered":"http:\/\/hiltmair.de\/?page_id=43"},"modified":"2021-07-25T10:32:09","modified_gmt":"2021-07-25T10:32:09","slug":"ueber-mich","status":"publish","type":"page","link":"https:\/\/hiltmair.de\/?page_id=43","title":{"rendered":"\u00dcber mich"},"content":{"rendered":"\n<p>Hallo und herzlich Willkommen! Sch\u00f6n, dass Sie hier sind!<\/p>\n\n\n\n<p>Fotografie hei\u00dft f\u00fcr mich nicht nur zu dokumentieren, sondern besondere Momente und vor allem echte Gef\u00fchle einzufangen. So kann ein Bild, dass im Bruchteil einer Sekunde entsteht, die Gedanken und Eindr\u00fccke eines ganzen Tages widerspiegeln. Bilder k\u00f6nnen objektiv betrachtet sehr sch\u00f6n sein, aber Gewicht bekommen sie erst, wenn eine pers\u00f6nliche Erinnerung oder ein Gef\u00fchl damit verbunden ist.<\/p>\n\n\n\n<p>Menschen, insbesondere Kinder, zu fotografieren ist eine der gr\u00f6\u00dften Herausforderungen. Jeder Mensch ist anders und auf jeden muss man sich erneut einlassen. Aber Menschen haben Emotionen und die zeigen sie sp\u00e4testens, wenn sie die Bilder sehen. Sp\u00e4testens dann wei\u00df ich warum ich diesen Job so sehr liebe.<\/p>\n\n\n\n<p>Ich bin der \u00dcberzeugung, dass man Leidenschaft durch nichts ersetzen kann. W\u00e4hrend meine Familie f\u00fcr mich das Wichtigste auf der Welt ist, ist die Fotografie meine Herzensangelegenheit. F\u00fcr mich ist das Fotografieren ein Gl\u00fccksgef\u00fchl, vielleicht sogar eine Berufung. Wer Lust auf etwas hat, der kniet sich richtig rein und kann gar nicht anders, als Schritt f\u00fcr Schritt besser zu werden. Das ist meine Philosophie und \u00fcbertragen auf Sie k\u00f6nnen auf diese Weise einmalige Fotos entstehen.<\/p>\n\n\n\n<p>Meine Kunden sch\u00e4tzen meine ruhige, lockere, aber auch professionelle Art. Sie sp\u00fcren den Spa\u00df und die Liebe zum Detail.<\/p>\n\n\n\n<p>Ich freue mich auf Ihre <a href=\"https:\/\/hiltmair.de\/?page_id=144\">Anfrage<\/a>.<\/p>\n\n\n\n<p><\/p>\n","protected":false},"excerpt":{"rendered":"<p>Hallo und herzlich Willkommen! Sch\u00f6n, dass Sie hier sind! Fotografie hei\u00dft f\u00fcr mich nicht nur zu dokumentieren, sondern besondere Momente und vor allem echte Gef\u00fchle einzufangen. So kann ein Bild, dass im Bruchteil einer Sekunde<br \/><a class=\"read-more\" href=\"https:\/\/hiltmair.de\/?page_id=43\">Read More<\/a><\/p>\n","protected":false},"author":1,"featured_media":0,"parent":0,"menu_order":3,"comment_status":"closed","ping_status":"closed","template":"","meta":{"footnotes":"","_links_to":"","_links_to_target":""},"class_list":["post-43","page","type-page","status-publish","hentry"],"_links":{"self":[{"href":"https:\/\/hiltmair.de\/index.php?rest_route=\/wp\/v2\/pages\/43"}],"collection":[{"href":"https:\/\/hiltmair.de\/index.php?rest_route=\/wp\/v2\/pages"}],"about":[{"href":"https:\/\/hiltmair.de\/index.php?rest_route=\/wp\/v2\/types\/page"}],"author":[{"embeddable":true,"href":"https:\/\/hiltmair.de\/index.php?rest_route=\/wp\/v2\/users\/1"}],"replies":[{"embeddable":true,"href":"https:\/\/hiltmair.de\/index.php?rest_route=%2Fwp%2Fv2%2Fcomments&post=43"}],"version-history":[{"count":11,"href":"https:\/\/hiltmair.de\/index.php?rest_route=\/wp\/v2\/pages\/43\/revisions"}],"predecessor-version":[{"id":424,"href":"https:\/\/hiltmair.de\/index.php?rest_route=\/wp\/v2\/pages\/43\/revisions\/424"}],"wp:attachment":[{"href":"https:\/\/hiltmair.de\/index.php?rest_route=%2Fwp%2Fv2%2Fmedia&parent=43"}],"curies":[{"name":"wp","href":"https:\/\/api.w.org\/{rel}","templated":true}]}}